{"id":130,"date":"2021-03-08T09:54:45","date_gmt":"2021-03-08T09:54:45","guid":{"rendered":"https:\/\/jsempere.webs.upv.es\/?page_id=130"},"modified":"2026-01-08T11:51:53","modified_gmt":"2026-01-08T11:51:53","slug":"publications","status":"publish","type":"page","link":"https:\/\/jsempere.webs.upv.es\/index.php\/publications\/","title":{"rendered":"Publications"},"content":{"rendered":"\n<ul class=\"wp-block-list\">\n<li><strong><span style=\"color:#d05d04\" class=\"has-inline-color\"><a href=\"http:\/\/jsempere.webs.upv.es\/index.php\/journals\">Journals<\/a><\/span><\/strong>                <\/li>\n<\/ul>\n\n\n\n<ul class=\"wp-block-list\">\n<li><strong><a href=\"http:\/\/jsempere.webs.upv.es\/index.php\/conferences\/\">Conferences<\/a><\/strong><\/li>\n<\/ul>\n\n\n\n<div class=\"wp-block-group\"><div class=\"wp-block-group__inner-container is-layout-flow wp-block-group-is-layout-flow\">\n<div class=\"wp-block-columns is-layout-flex wp-container-core-columns-is-layout-9d6595d7 wp-block-columns-is-layout-flex\">\n<div class=\"wp-block-column is-layout-flow wp-block-column-is-layout-flow\">\n<figure class=\"wp-block-image size-large\"><img loading=\"lazy\" decoding=\"async\" width=\"153\" height=\"232\" src=\"https:\/\/jsempere.webs.upv.es\/wp-content\/uploads\/2021\/03\/icgi2010.jpg\" alt=\"\" class=\"wp-image-156\"\/><\/figure>\n<\/div>\n\n\n\n<div class=\"wp-block-column is-layout-flow wp-block-column-is-layout-flow\">\n<figure class=\"wp-block-image size-large is-resized\"><img loading=\"lazy\" decoding=\"async\" width=\"448\" height=\"678\" src=\"https:\/\/jsempere.webs.upv.es\/wp-content\/uploads\/2021\/03\/cmc2015.jpg\" alt=\"\" class=\"wp-image-157\" style=\"width:151px;height:227px\" srcset=\"https:\/\/jsempere.webs.upv.es\/wp-content\/uploads\/2021\/03\/cmc2015.jpg 448w, https:\/\/jsempere.webs.upv.es\/wp-content\/uploads\/2021\/03\/cmc2015-198x300.jpg 198w\" sizes=\"auto, (max-width: 448px) 100vw, 448px\" \/><\/figure>\n<\/div>\n\n\n\n<div class=\"wp-block-column is-layout-flow wp-block-column-is-layout-flow\">\n<figure class=\"wp-block-image size-large\"><img loading=\"lazy\" decoding=\"async\" width=\"153\" height=\"230\" src=\"https:\/\/jsempere.webs.upv.es\/wp-content\/uploads\/2021\/03\/topics16.jpg\" alt=\"\" class=\"wp-image-158\"\/><\/figure>\n<\/div>\n<\/div>\n<\/div><\/div>\n\n\n\n<p class=\"has-text-align-center\"><strong><span style=\"color:#b94100\" class=\"has-inline-color\">Edited books, book chapters, edited journals.<\/span><\/strong><\/p>\n\n\n\n<ul class=\"wp-block-list\">\n<li><a href=\"https:\/\/link.springer.com\/chapter\/10.1007\/978-3-031-97274-4_15\"><strong>On Some Relationships Between P Colonies and&nbsp;Computing by&nbsp;Plasmids. <\/strong><\/a>Jos\u00e9 M. Sempere. <strong>Languages of Cooperation and Communication<\/strong>.&nbsp;LNCS Vol. 15840, pp 252-266. M.D. Jim\u00e9nez L\u00f3pez, G. Vaszil (eds.). Springer 2025. <\/li>\n<\/ul>\n\n\n\n<ul class=\"wp-block-list\">\n<li><a href=\"https:\/\/www.rairo-ita.org\/articles\/ita\/abs\/2021\/01\/contents\/contents.html\"><strong><span class=\"has-inline-color has-blue-color\">RAIRO ITA special issue on the 11th Workshop on Non Classical Models of Automata and Applications (NCMA 2019)<\/span><\/strong><\/a>. Edited by Markus Hozer and Jos\u00e9 M. Sempere. Vol. 55. 2021.<\/li>\n<\/ul>\n\n\n\n<ul class=\"wp-block-list\">\n<li><strong><a href=\"https:\/\/jsempere.webs.upv.es\/wp-content\/uploads\/2021\/03\/NCMA2019.pdf\" target=\"_blank\" rel=\"noreferrer noopener\">Proceedings of the Eleventh Workshop on Non-Classical Models of Automata and Applications (NCMA 2019)<\/a><\/strong> Rudolf Freund, Markus Holzer and Jos\u00e9 M. Sempere (eds.) \u00d6sterreichische Computer Gesellschaft 2019.  <\/li>\n<\/ul>\n\n\n\n<ul class=\"wp-block-list\">\n<li><a href=\"https:\/\/www.springer.com\/gp\/book\/9783030002640\" target=\"_blank\" rel=\"noreferrer noopener\"><strong>A Model of Antibiotic Resistance Evolution Dynamics Through P Systems with Active Membranes and Communication Rules.<\/strong><\/a> Fernando Baquero, Marcelino Campos, Carlos Llorens and Jos\u00e9 M. Sempere. <strong>Enjoying Natural Computing.<\/strong> LNCS Vol. 11270, pp 33-44. C. Graciani, A. Riscos-N\u00fa\u00f1ez, Gh. P\u0103un, Gr. Rozenberg, A. Salomaa (eds) Springer, 2018. <\/li>\n<\/ul>\n\n\n\n<ul class=\"wp-block-list\">\n<li><strong><span class=\"has-inline-color has-blue-color\"><a href=\"https:\/\/www.springer.com\/gp\/book\/9783662483930\" target=\"_blank\" rel=\"noreferrer noopener\">Topics in Grammatical Inference<\/a><\/span><\/strong><span class=\"has-inline-color has-blue-color\">&nbsp;<\/span>Jeffrey Heinz, Jos\u00e9 M. Sempere (eds.) Springer. 2016. <\/li>\n<\/ul>\n\n\n\n<ul class=\"wp-block-list\">\n<li><strong><span class=\"has-inline-color has-blue-color\"><a href=\"https:\/\/www.springer.com\/gp\/book\/9783319284743\" target=\"_blank\" rel=\"noreferrer noopener\">Membrane Computing.<\/a><\/span><\/strong>&nbsp;Grzegorz Rozenberg, Arto Salomaa, Jos\u00e9 M. Sempere, Claudio Zandron (eds.) <strong>Revised Selected Papers of the 16th International Conference CMC2015<\/strong>, Lecture Notes in Computer Science Vol. 9504. Springer. 2015. <\/li>\n<\/ul>\n\n\n\n<ul class=\"wp-block-list\">\n<li><strong><a href=\"https:\/\/www.springer.com\/gp\/book\/9783642154874\" target=\"_blank\" rel=\"noreferrer noopener\"><span class=\"has-inline-color has-blue-color\">Grammatical Inference: Theoretical Results and Applications<\/span>.<\/a><\/strong>&nbsp;Jos\u00e9 M. Sempere, Pedro Garc\u00eda (eds.) <strong>Proceedings of the 10th International Colloquium on Grammatical Inference (ICGI 2010)<\/strong>, Lecture Notes in Artificial Intelligence Vol. 6339 Springer. 2010. <\/li>\n<\/ul>\n\n\n\n<ul class=\"wp-block-list\">\n<li><strong><span class=\"has-inline-color has-blue-color\">Complexity applications of covering rules in P systems.<\/span><\/strong>&nbsp;Jos\u00e9 M. Sempere.&nbsp;<strong>Recent Results in Natural Computing<\/strong>, pp 277-291. Mario J. P\u00e9rez-Jim\u00e9nez, A. Romero-Jim\u00e9nez, F. Sancho-Caparrini (eds.) F\u00e9nix Editora. 2005. <\/li>\n<\/ul>\n\n\n\n<ul class=\"wp-block-list\">\n<li><strong><span class=\"has-inline-color has-blue-color\"><a href=\"https:\/\/www.springer.com\/gp\/book\/9783540207818\" target=\"_blank\" rel=\"noreferrer noopener\">Formal languages arising from gene repeated duplication.<\/a><\/span><\/strong>&nbsp;P. Leupold, V. Mitrana, J. Sempere.&nbsp;<strong>Aspects of Molecular Computing.<\/strong>&nbsp;LNCS Vol. 2950, pp 297-308. N. Jonoska, Gh. Paun, G. Rozenberg (eds.) Springer Verlag, 2004. <\/li>\n<\/ul>\n\n\n\n<ul class=\"wp-block-list\">\n<li><strong><a href=\"http:\/\/catalogo.bne.es\/uhtbin\/cgisirsi\/x\/0\/0\/5\/?searchdata1=(OCoLC)%20SAME%20433353410\" target=\"_blank\" rel=\"noreferrer noopener\"><span class=\"has-inline-color has-blue-color\">Sobre algunos rasgos caracter\u00edsticos de las gram\u00e1ticas lineales y su aplicaci\u00f3n al estudio de su identificaci\u00f3n y su complejidad.<\/span><\/a><\/strong><span class=\"has-inline-color has-blue-color\"><a href=\"http:\/\/catalogo.bne.es\/uhtbin\/cgisirsi\/x\/0\/0\/5\/?searchdata1=(OCoLC)%20SAME%20433353410\" target=\"_blank\" rel=\"noreferrer noopener\">&nbsp;<\/a><\/span>Jos\u00e9 M. Sempere. Editorial Universidad Polit\u00e9nica de Valencia. 2003. <\/li>\n<\/ul>\n\n\n\n<p><\/p>\n","protected":false},"excerpt":{"rendered":"<p>Edited books, book chapters, edited journals.<\/p>\n","protected":false},"author":1,"featured_media":0,"parent":0,"menu_order":0,"comment_status":"closed","ping_status":"closed","template":"","meta":{"footnotes":""},"class_list":["post-130","page","type-page","status-publish","hentry"],"_links":{"self":[{"href":"https:\/\/jsempere.webs.upv.es\/index.php\/wp-json\/wp\/v2\/pages\/130","targetHints":{"allow":["GET"]}}],"collection":[{"href":"https:\/\/jsempere.webs.upv.es\/index.php\/wp-json\/wp\/v2\/pages"}],"about":[{"href":"https:\/\/jsempere.webs.upv.es\/index.php\/wp-json\/wp\/v2\/types\/page"}],"author":[{"embeddable":true,"href":"https:\/\/jsempere.webs.upv.es\/index.php\/wp-json\/wp\/v2\/users\/1"}],"replies":[{"embeddable":true,"href":"https:\/\/jsempere.webs.upv.es\/index.php\/wp-json\/wp\/v2\/comments?post=130"}],"version-history":[{"count":41,"href":"https:\/\/jsempere.webs.upv.es\/index.php\/wp-json\/wp\/v2\/pages\/130\/revisions"}],"predecessor-version":[{"id":968,"href":"https:\/\/jsempere.webs.upv.es\/index.php\/wp-json\/wp\/v2\/pages\/130\/revisions\/968"}],"wp:attachment":[{"href":"https:\/\/jsempere.webs.upv.es\/index.php\/wp-json\/wp\/v2\/media?parent=130"}],"curies":[{"name":"wp","href":"https:\/\/api.w.org\/{rel}","templated":true}]}}