{"id":230,"date":"2021-03-09T15:47:44","date_gmt":"2021-03-09T15:47:44","guid":{"rendered":"https:\/\/jsempere.webs.upv.es\/?page_id=230"},"modified":"2024-06-18T07:09:24","modified_gmt":"2024-06-18T07:09:24","slug":"teaching","status":"publish","type":"page","link":"https:\/\/jsempere.webs.upv.es\/index.php\/teaching\/","title":{"rendered":"Teaching"},"content":{"rendered":"\n<div class=\"wp-block-columns is-layout-flex wp-container-core-columns-is-layout-9d6595d7 wp-block-columns-is-layout-flex\">\n<div class=\"wp-block-column is-layout-flow wp-block-column-is-layout-flow\" style=\"flex-basis:100%\">\n<div class=\"wp-block-columns is-layout-flex wp-container-core-columns-is-layout-9d6595d7 wp-block-columns-is-layout-flex\">\n<div class=\"wp-block-column is-layout-flow wp-block-column-is-layout-flow\">\n<figure class=\"wp-block-image size-full\"><img loading=\"lazy\" decoding=\"async\" width=\"170\" height=\"242\" src=\"https:\/\/jsempere.webs.upv.es\/wp-content\/uploads\/2021\/03\/tal.jpg\" alt=\"\" class=\"wp-image-155\"\/><\/figure>\n<\/div>\n\n\n\n<div class=\"wp-block-column is-layout-flow wp-block-column-is-layout-flow\">\n<figure class=\"wp-block-image size-large is-resized\"><img loading=\"lazy\" decoding=\"async\" width=\"766\" height=\"1024\" src=\"https:\/\/jsempere.webs.upv.es\/wp-content\/uploads\/2022\/10\/Libro-Alfaomega-766x1024.png\" alt=\"\" class=\"wp-image-772\" style=\"width:180px;height:240px\" srcset=\"https:\/\/jsempere.webs.upv.es\/wp-content\/uploads\/2022\/10\/Libro-Alfaomega-766x1024.png 766w, https:\/\/jsempere.webs.upv.es\/wp-content\/uploads\/2022\/10\/Libro-Alfaomega-224x300.png 224w, https:\/\/jsempere.webs.upv.es\/wp-content\/uploads\/2022\/10\/Libro-Alfaomega-768x1027.png 768w, https:\/\/jsempere.webs.upv.es\/wp-content\/uploads\/2022\/10\/Libro-Alfaomega-1149x1536.png 1149w, https:\/\/jsempere.webs.upv.es\/wp-content\/uploads\/2022\/10\/Libro-Alfaomega.png 1472w\" sizes=\"auto, (max-width: 766px) 100vw, 766px\" \/><\/figure>\n<\/div>\n\n\n\n<div class=\"wp-block-column is-layout-flow wp-block-column-is-layout-flow\">\n<figure class=\"wp-block-image size-large is-resized\"><img loading=\"lazy\" decoding=\"async\" width=\"759\" height=\"1024\" src=\"https:\/\/jsempere.webs.upv.es\/wp-content\/uploads\/2022\/10\/Libro-Pearson-759x1024.png\" alt=\"\" class=\"wp-image-768\" style=\"width:177px;height:239px\" srcset=\"https:\/\/jsempere.webs.upv.es\/wp-content\/uploads\/2022\/10\/Libro-Pearson-759x1024.png 759w, https:\/\/jsempere.webs.upv.es\/wp-content\/uploads\/2022\/10\/Libro-Pearson-222x300.png 222w, https:\/\/jsempere.webs.upv.es\/wp-content\/uploads\/2022\/10\/Libro-Pearson-768x1036.png 768w, https:\/\/jsempere.webs.upv.es\/wp-content\/uploads\/2022\/10\/Libro-Pearson-1139x1536.png 1139w, https:\/\/jsempere.webs.upv.es\/wp-content\/uploads\/2022\/10\/Libro-Pearson.png 1280w\" sizes=\"auto, (max-width: 759px) 100vw, 759px\" \/><\/figure>\n<\/div>\n<\/div>\n<\/div>\n<\/div>\n\n\n\n<p> I have been teaching since 1989  different subjects at Universitat Polit\u00e8cnica de Val\u00e8ncia (UPV) always in the Escuela T\u00e9cnica Superior de Ingenier\u00eda Inform\u00e1tica (formerly it was the Facultad de Inform\u00e1tica and the Escuela Universitaria de Ingenier\u00eda T\u00e9cnica de Inform\u00e1tica). Mostly, the subjects that I have been teaching all this time were related to Theoretical Computer Science and its applications, Information Theory, Computational Learning Theory, Bioinformatics and Cryptography.<\/p>\n\n\n\n<p>Currently, I am involved with the following subjects of different academic degrees at the  UPV <\/p>\n\n\n\n<ul class=\"wp-block-list\">\n<li><mark style=\"background-color:rgba(0, 0, 0, 0)\" class=\"has-inline-color has-blue-color\">Teor\u00eda de Aut\u00f3matas y Lenguajes Formales<\/mark> (Bachelor&#8217;s Degree in Informatics Engineering)<\/li>\n\n\n\n<li><mark style=\"background-color:rgba(0, 0, 0, 0)\" class=\"has-inline-color has-blue-color\">Computabilidad y Complejidad<\/mark> (Bachelor&#8217;s Degree in Informatics Engineering)<\/li>\n\n\n\n<li><mark style=\"background-color:rgba(0, 0, 0, 0)\" class=\"has-inline-color has-blue-color\">Computaci\u00f3n Natural<\/mark> (Master&#8217;s Degree in Artificial Intelligence, Pattern Recognition and Digital Imaging)<\/li>\n\n\n\n<li><mark style=\"background-color:rgba(0, 0, 0, 0)\" class=\"has-inline-color has-blue-color\">Big Data and Artificial Intelligence<\/mark> (Master&#8217;s Degree in Biomedical Biotechnology)<\/li>\n<\/ul>\n\n\n\n<p>Formerly, I was involved with the following subjects that are currently still present in the curricula of different degrees<\/p>\n\n\n\n<ul class=\"wp-block-list\">\n<li><mark style=\"background-color:rgba(0, 0, 0, 0)\" class=\"has-inline-color has-blue-color\">Modelado Discreto y Teor\u00eda de la Informaci\u00f3n<\/mark> (Bachelor&#8217;s Degree in Data Science)<\/li>\n\n\n\n<li><mark style=\"background-color:rgba(0, 0, 0, 0)\" class=\"has-inline-color has-blue-color\">Criptograf\u00eda<\/mark> (Bachelor&#8217;s Degree in Informatics Engineering)<\/li>\n\n\n\n<li><mark style=\"background-color:rgba(0, 0, 0, 0)\" class=\"has-inline-color has-blue-color\">Criptolog\u00eda y Seguridad de los Datos<\/mark> (Master&#8217;s Degree in Cybersecurity and Cyberintelligence)<\/li>\n\n\n\n<li><mark style=\"background-color:rgba(0, 0, 0, 0)\" class=\"has-inline-color has-blue-color\">Analysis of Genomic Data<\/mark> (Master&#8217;s Degree in Biomedical Engineering)<\/li>\n<\/ul>\n\n\n\n<p>Also, I was involved with the following subjects that are currently no longer in the curricula <\/p>\n\n\n\n<ul class=\"wp-block-list\">\n<li><mark style=\"background-color:rgba(0, 0, 0, 0)\" class=\"has-inline-color has-blue-color\">Aprendizaje<\/mark><\/li>\n\n\n\n<li><mark style=\"background-color:rgba(0, 0, 0, 0)\" class=\"has-inline-color has-blue-color\">Teor\u00eda de la Complejidad<\/mark><\/li>\n\n\n\n<li><mark style=\"background-color:rgba(0, 0, 0, 0)\" class=\"has-inline-color has-blue-color\">Teor\u00eda de Lenguajes<\/mark><\/li>\n\n\n\n<li><mark style=\"background-color:rgba(0, 0, 0, 0)\" class=\"has-inline-color has-blue-color\">Codificaci\u00f3n de la Informaci\u00f3n<\/mark><\/li>\n\n\n\n<li><mark style=\"background-color:rgba(0, 0, 0, 0)\" class=\"has-inline-color has-blue-color\">Ampliaci\u00f3n de Teor\u00eda de Lenguajes<\/mark><\/li>\n\n\n\n<li><mark style=\"background-color:rgba(0, 0, 0, 0)\" class=\"has-inline-color has-blue-color\">Bioinform\u00e1tica<\/mark><\/li>\n\n\n\n<li><mark style=\"background-color:rgba(0, 0, 0, 0)\" class=\"has-inline-color has-blue-color\">Inform\u00e1tica Te\u00f3rica<\/mark><\/li>\n<\/ul>\n\n\n\n<p>I am a staff  professor of the <a rel=\"noreferrer noopener\" href=\"http:\/\/www.inf.upv.es\" target=\"_blank\">Escuela T\u00e9cnica Superior de Ingenier\u00eda Inform\u00e1tica (ETSINF)<\/a><\/p>\n\n\n<div class=\"wp-block-image\">\n<figure class=\"aligncenter size-large is-resized\"><img loading=\"lazy\" decoding=\"async\" width=\"816\" height=\"112\" src=\"https:\/\/jsempere.webs.upv.es\/wp-content\/uploads\/2021\/03\/STINF_HOR_C_B.jpg\" alt=\"\" class=\"wp-image-238\" style=\"width:503px;height:68px\" srcset=\"https:\/\/jsempere.webs.upv.es\/wp-content\/uploads\/2021\/03\/STINF_HOR_C_B.jpg 816w, https:\/\/jsempere.webs.upv.es\/wp-content\/uploads\/2021\/03\/STINF_HOR_C_B-300x41.jpg 300w, https:\/\/jsempere.webs.upv.es\/wp-content\/uploads\/2021\/03\/STINF_HOR_C_B-768x105.jpg 768w\" sizes=\"auto, (max-width: 816px) 100vw, 816px\" \/><\/figure>\n<\/div>","protected":false},"excerpt":{"rendered":"<p>I have been teaching since 1989 different subjects at Universitat Polit\u00e8cnica de Val\u00e8ncia (UPV) always in the Escuela T\u00e9cnica Superior de Ingenier\u00eda Inform\u00e1tica (formerly it was the Facultad de Inform\u00e1tica and the Escuela Universitaria de Ingenier\u00eda T\u00e9cnica de Inform\u00e1tica). Mostly, &hellip; <a href=\"https:\/\/jsempere.webs.upv.es\/index.php\/teaching\/\">Continue reading <span class=\"meta-nav\">&rarr;<\/span><\/a><\/p>\n","protected":false},"author":1,"featured_media":0,"parent":0,"menu_order":0,"comment_status":"closed","ping_status":"closed","template":"","meta":{"footnotes":""},"class_list":["post-230","page","type-page","status-publish","hentry"],"_links":{"self":[{"href":"https:\/\/jsempere.webs.upv.es\/index.php\/wp-json\/wp\/v2\/pages\/230","targetHints":{"allow":["GET"]}}],"collection":[{"href":"https:\/\/jsempere.webs.upv.es\/index.php\/wp-json\/wp\/v2\/pages"}],"about":[{"href":"https:\/\/jsempere.webs.upv.es\/index.php\/wp-json\/wp\/v2\/types\/page"}],"author":[{"embeddable":true,"href":"https:\/\/jsempere.webs.upv.es\/index.php\/wp-json\/wp\/v2\/users\/1"}],"replies":[{"embeddable":true,"href":"https:\/\/jsempere.webs.upv.es\/index.php\/wp-json\/wp\/v2\/comments?post=230"}],"version-history":[{"count":12,"href":"https:\/\/jsempere.webs.upv.es\/index.php\/wp-json\/wp\/v2\/pages\/230\/revisions"}],"predecessor-version":[{"id":890,"href":"https:\/\/jsempere.webs.upv.es\/index.php\/wp-json\/wp\/v2\/pages\/230\/revisions\/890"}],"wp:attachment":[{"href":"https:\/\/jsempere.webs.upv.es\/index.php\/wp-json\/wp\/v2\/media?parent=230"}],"curies":[{"name":"wp","href":"https:\/\/api.w.org\/{rel}","templated":true}]}}