{"id":257,"date":"2021-03-09T17:19:46","date_gmt":"2021-03-09T17:19:46","guid":{"rendered":"https:\/\/jsempere.webs.upv.es\/?page_id=257"},"modified":"2025-07-07T10:22:25","modified_gmt":"2025-07-07T10:22:25","slug":"committees","status":"publish","type":"page","link":"https:\/\/jsempere.webs.upv.es\/index.php\/committees\/","title":{"rendered":"Committees and memberships"},"content":{"rendered":"\n<ul class=\"wp-block-list\">\n<li>Member of the Steering Committe for the International Conference on Membrane Computing (CMC)<\/li>\n\n\n\n<li>Member of the Bulletin Committee of the <a href=\"http:\/\/imcs.org.cn\/\" target=\"_blank\" rel=\"noreferrer noopener\">International Membrane Computing Society (IMCS)<\/a><\/li>\n\n\n\n<li>Member of the <a href=\"https:\/\/www.acie.eu\/\">Association Computability in Europe (CiE)<\/a><\/li>\n\n\n\n<li>Member of the <a href=\"https:\/\/sebibc.es\/\">Sociedad Espa\u00f1ola de Bioinform\u00e1tica y Biolog\u00eda Computacional (SEBiBC)<\/a><\/li>\n\n\n\n<li>I served at the Steering Committee for the International Community on Grammatical Inference (ICGI) (2010-2015)<\/li>\n\n\n\n<li>Member and coordinator of the <a href=\"http:\/\/redbiocom.upv.es\">Spanish Network on Biomolecular and Biocellular Computing (REDBIOCOM<\/a>)<\/li>\n\n\n\n<li>Academic Director of the <a href=\"http:\/\/aularoche.upv.es\" data-type=\"URL\" data-id=\"aularoche.upv.es\" target=\"_blank\" rel=\"noreferrer noopener\">Aula de Empresa Roche-UPV de Bioinform\u00e1tica para la Medicina Personalizada<\/a> <strong> <\/strong>(2018-2025)<\/li>\n<\/ul>\n\n\n\n<p><strong><span style=\"color:#af4702\" class=\"has-inline-color\">Conferences Scientific and Program Committees<\/span><\/strong><\/p>\n\n\n\n<p class=\"has-text-align-center\">PC = Program Committee             OC = Organization Committee<\/p>\n\n\n\n<ul class=\"wp-block-list\">\n<li><a href=\"https:\/\/itat.ics.upjs.sk\/index.php?id=ws\/WNC\">ITAT 2025 Workshop on Natural Computing<\/a> (PC member)<\/li>\n\n\n\n<li><a href=\"https:\/\/www.isaiim.com\/ICMC2025\">International Conference on Membrane computing (ICMC 2025) <\/a>(PC member)<\/li>\n\n\n\n<li><a href=\"https:\/\/www.mlprae.com\/\">The 13th Asian Conference on Membrane Computing (ACMC 2024)<\/a>  (PC member)<\/li>\n\n\n\n<li><a href=\"https:\/\/webusers.i3s.unice.fr\/CMC2024\/\">25th Conference on Membrane Computing (CMC 2024) <\/a>(PC member)<\/li>\n\n\n\n<li><a href=\"https:\/\/ncma.emu.edu.tr\/en\">13th International Workshop on Non-Classical Models of Automata and Applications (NCMA 2023)<\/a> (PC member)<\/li>\n\n\n\n<li><a href=\"https:\/\/cmc2023.slu.cz\/en\">24th Conference on Membrane Computing (CMC 2023)<\/a> (PC member)<\/li>\n\n\n\n<li><a href=\"https:\/\/icgi2023.inria.fr\/\">16th International Conference on Grammatical Inference (ICGI 2023)<\/a> (PC member)<\/li>\n\n\n\n<li><a rel=\"noreferrer noopener\" href=\"https:\/\/cmc2022.units.it\/\" target=\"_blank\">23rd  Conference on Membrane Computing (CMC 2022) <\/a>(PC member)<\/li>\n\n\n\n<li><a href=\"https:\/\/sites.google.com\/dcs.upd.edu.ph\/acmc2022\/home\">11th Asian Conference on Membrane Computing (ACMC 2022)<\/a> (PC member)<\/li>\n\n\n\n<li><a href=\"https:\/\/itat.ics.upjs.sk\/index.php?id=ws\/WNC\">ITAT 2022 Workshop on Natural Computing<\/a> (PC member)<\/li>\n\n\n\n<li><a rel=\"noreferrer noopener\" href=\"https:\/\/konferencia.unideb.hu\/en\/icmc-2021\" target=\"_blank\">International Conference on Membrane Computing (ICMC 2021)<\/a> (PC member)<\/li>\n\n\n\n<li><a rel=\"noreferrer noopener\" href=\"http:\/\/itat.ics.upjs.sk\/index.php?id=ws\/WNC\" target=\"_blank\">ITAT 2021 Workshop on Natural Computing<\/a> (PC member)<\/li>\n\n\n\n<li><a rel=\"noreferrer noopener\" href=\"http:\/\/2020.e-icmc.org\/\" target=\"_blank\">International Conference on Membrane Computing 2020<\/a> (PC member)<\/li>\n\n\n\n<li><a rel=\"noreferrer noopener\" href=\"https:\/\/icgi2020.lis-lab.fr\/\" target=\"_blank\">The 15th International Conference on Grammatical Inference (ICGI 2020\/21)<\/a> (PC member)<\/li>\n\n\n\n<li><a rel=\"noreferrer noopener\" href=\"http:\/\/2020.e-icmc.org\/\" target=\"_blank\">International Conference on Membrane Computing 2020<\/a> (PC member)<\/li>\n\n\n\n<li><a rel=\"noreferrer noopener\" href=\"https:\/\/ncma2019.blogs.upv.es\/\" target=\"_blank\">11th International Workshop on Non-Classical Models of Automata and Applications (NCMA 2019)<\/a> (PC chair, OC chair)<\/li>\n\n\n\n<li><a rel=\"noreferrer noopener\" href=\"http:\/\/cmc19.uni-jena.de\/index.html\" target=\"_blank\">19th International Conference on Membrane Computing (CMC19)<\/a> (PC member)<\/li>\n\n\n\n<li><a rel=\"noreferrer noopener\" href=\"http:\/\/computing.brad.ac.uk\/cmc18\/\" target=\"_blank\">18th International Conference on Membrane Computing (CMC18)<\/a> (PC member)<\/li>\n\n\n\n<li>14th International Conference on Grammatical Inference (ICGI 2018) (PC member)<\/li>\n\n\n\n<li>6th Asian Conference on Membrane Computing (ACMC2017) (PC member)<\/li>\n\n\n\n<li><a rel=\"noreferrer noopener\" href=\"http:\/\/www.ithea.org\/conferences\/ITA2016\/2016nit.htm\" target=\"_blank\">8th International Conference on Natural Information Technologies (NIT 2016)<\/a> (PC member, OC member)<\/li>\n\n\n\n<li><a rel=\"noreferrer noopener\" href=\"https:\/\/cmc17.disco.unimib.it\/\" target=\"_blank\">17th International Conference on Membrane Computing (CMC17)<\/a> (PC member)<\/li>\n\n\n\n<li>16th International Conference on Membrane Computing (CMC16) (PC chair, OC chair)<\/li>\n\n\n\n<li>13th International Conference on Grammatical Inference (ICGI 2016) (PC member)<\/li>\n\n\n\n<li><a href=\"http:\/\/www.ithea.org\/conferences\/ITA2014\/2014nit.htm\" target=\"_blank\" rel=\"noreferrer noopener\">5th International Conference on Natural Information Technologies (NIT 2014)<\/a> (PC member, OC member)<\/li>\n\n\n\n<li>12th International Conference on Grammatical Inference (ICGI 2014) (PC member)<\/li>\n\n\n\n<li>Fourth International Conference on Natural Information Technologies (NIT 2013) (PC member, OC member)<\/li>\n\n\n\n<li><a rel=\"noreferrer noopener\" href=\"http:\/\/www.foibg.com\/conf\/ITA2012\/2012nit.htm\" target=\"_blank\">Third International Conference on Natural Information Technologies (NIT 2012)<\/a> (PC member, OC member)<\/li>\n\n\n\n<li>Segundo Taller Iberoamericano de Ense\u00f1anza e Innovaci\u00f3n Educativa en Seguridad de la Informaci\u00f3n (TIBETS 2012) (PC member)<\/li>\n\n\n\n<li>11th International Conference on Grammatical Inference (ICGI 2012) (PC member)<\/li>\n\n\n\n<li><a rel=\"noreferrer noopener\" href=\"http:\/\/recsi2012.mondragon.edu\/es\" target=\"_blank\">XII Reuni\u00f3n Espa\u00f1ola sobre Criptolog\u00eda y Seguridad de la Informaci\u00f3n 2012<\/a> (PC member)<\/li>\n\n\n\n<li><a rel=\"noreferrer noopener\" href=\"http:\/\/www.foibg.com\/conf\/ITA2011\/2011nit.htm\" target=\"_blank\">Second International Conference on Natural Information Technologies (NIT 2011)<\/a> (PC member)<\/li>\n\n\n\n<li><a rel=\"noreferrer noopener\" href=\"http:\/\/www.foibg.com\/conf\/ITA2010\/2010nit.htm\" target=\"_blank\">International Conference on Natural Information Technologies (NIT 2010)<\/a> (PC member)<\/li>\n\n\n\n<li>10th International Colloquium on Grammatical Inference (ICGI 2010) (PC chair, OC chair)<\/li>\n\n\n\n<li><a rel=\"noreferrer noopener\" href=\"https:\/\/crises-deim.urv.cat\/recsi2010\/\" target=\"_blank\">XI Reuni\u00f3n Espa\u00f1ola sobre Criptolog\u00eda y Seguridad de la Informaci\u00f3n 2010<\/a> (PC member)<\/li>\n\n\n\n<li>9th Workshop on Membrane Computing 2008 (PC member)<\/li>\n\n\n\n<li><a rel=\"noreferrer noopener\" href=\"http:\/\/campus.usal.es\/~xrecsi\/index.htm\" target=\"_blank\">X Reuni\u00f3n Espa\u00f1ola sobre Criptolog\u00eda y Seguridad de la Informaci\u00f3n 2008<\/a> (PC member)<\/li>\n\n\n\n<li>II Simposio sobre Seguridad Inform\u00e1tica 2007 (PC member)<\/li>\n\n\n\n<li>IX Reuni\u00f3n Espa\u00f1ola sobre Criptolog\u00eda y Seguridad de la Informaci\u00f3n 2006 (PC member)<\/li>\n\n\n\n<li><a rel=\"noreferrer noopener\" href=\"http:\/\/cedi2005.ugr.es\/2005\/simposios.shtml#\" target=\"_blank\">I Simposio sobre Seguridad Inform\u00e1tica 2005<\/a> (PC member)<\/li>\n\n\n\n<li>ECAI Workshop on Symbolic Networks 2004 (PC chair, OC chair)<\/li>\n\n\n\n<li>3rd International Colloquium on Grammatical Inference (ICGI 1996) (OC member)<\/li>\n\n\n\n<li>2nd International Colloquium on Grammatical Inference (ICGI 1994) (OC member)<\/li>\n<\/ul>\n","protected":false},"excerpt":{"rendered":"<p>Conferences Scientific and Program Committees PC = Program Committee OC = Organization Committee<\/p>\n","protected":false},"author":1,"featured_media":0,"parent":0,"menu_order":0,"comment_status":"closed","ping_status":"closed","template":"","meta":{"footnotes":""},"class_list":["post-257","page","type-page","status-publish","hentry"],"_links":{"self":[{"href":"https:\/\/jsempere.webs.upv.es\/index.php\/wp-json\/wp\/v2\/pages\/257","targetHints":{"allow":["GET"]}}],"collection":[{"href":"https:\/\/jsempere.webs.upv.es\/index.php\/wp-json\/wp\/v2\/pages"}],"about":[{"href":"https:\/\/jsempere.webs.upv.es\/index.php\/wp-json\/wp\/v2\/types\/page"}],"author":[{"embeddable":true,"href":"https:\/\/jsempere.webs.upv.es\/index.php\/wp-json\/wp\/v2\/users\/1"}],"replies":[{"embeddable":true,"href":"https:\/\/jsempere.webs.upv.es\/index.php\/wp-json\/wp\/v2\/comments?post=257"}],"version-history":[{"count":26,"href":"https:\/\/jsempere.webs.upv.es\/index.php\/wp-json\/wp\/v2\/pages\/257\/revisions"}],"predecessor-version":[{"id":927,"href":"https:\/\/jsempere.webs.upv.es\/index.php\/wp-json\/wp\/v2\/pages\/257\/revisions\/927"}],"wp:attachment":[{"href":"https:\/\/jsempere.webs.upv.es\/index.php\/wp-json\/wp\/v2\/media?parent=257"}],"curies":[{"name":"wp","href":"https:\/\/api.w.org\/{rel}","templated":true}]}}