{"id":514,"date":"2021-03-19T20:05:27","date_gmt":"2021-03-19T20:05:27","guid":{"rendered":"https:\/\/jsempere.webs.upv.es\/?page_id=514"},"modified":"2026-01-27T08:38:57","modified_gmt":"2026-01-27T08:38:57","slug":"projects","status":"publish","type":"page","link":"https:\/\/jsempere.webs.upv.es\/index.php\/projects\/","title":{"rendered":"Projects"},"content":{"rendered":"\n<ul class=\"wp-block-list\">\n<li><strong><mark style=\"background-color:rgba(0, 0, 0, 0)\" class=\"has-inline-color has-blue-color\">HIVision Espa\u00f1a: Inteligencia territorial para acelerar el fin de la epidemia por el VIH en Espa\u00f1a<\/mark><\/strong>\n<ul class=\"wp-block-list\">\n<li>Ref: Gilead Visionarium 2025 \/ HIVision Espa\u00f1a<\/li>\n\n\n\n<li>Duraci\u00f3n: 2026-2027<\/li>\n\n\n\n<li>Financiaci\u00f3n: 55 K \u20ac<\/li>\n\n\n\n<li>IP: Ana\u00efs Corma<\/li>\n<\/ul>\n<\/li>\n<\/ul>\n\n\n\n<ul class=\"wp-block-list\">\n<li><strong><mark style=\"background-color:rgba(0, 0, 0, 0)\" class=\"has-inline-color has-blue-color\">Optimizaci\u00f3n del Cribado de ITS en Usuarios de PrEP: Un Enfoque Basado en la Estratificaci\u00f3n de Riesgo, evaluaci\u00f3n temporal del resistoma y modelizaci\u00f3n computacional de la estrategia<\/mark><\/strong>\n<ul class=\"wp-block-list\">\n<li>Ref: PI25\/01119 (Instituto de Salud Carlos III)<\/li>\n\n\n\n<li>Duraci\u00f3n: 2026-2028<\/li>\n\n\n\n<li>Financiaci\u00f3n: 172.102 K \u20ac<\/li>\n\n\n\n<li>IP: Juan Carlos Gal\u00e1n<\/li>\n<\/ul>\n<\/li>\n<\/ul>\n\n\n\n<ul class=\"wp-block-list\">\n<li><strong><mark style=\"background-color:rgba(0, 0, 0, 0)\" class=\"has-inline-color has-blue-color\">DWATD-SensD: A Disruptive Way to Ameliorate the Diagnosis and Treatment of Sensorineural Disease<\/mark><\/strong>\n<ul class=\"wp-block-list\">\n<li>Ref: &nbsp;CIPROM\/2023\/26 (Generalitat Valenciana)<\/li>\n\n\n\n<li>Financiaci\u00f3n: 600 K \u20ac<\/li>\n\n\n\n<li>Duraci\u00f3n: 2024-2028<\/li>\n\n\n\n<li>IPs: Jos\u00e9 M. Mill\u00e1n, Miguel Armengot<\/li>\n<\/ul>\n<\/li>\n<\/ul>\n\n\n\n<ul class=\"wp-block-list\">\n<li><strong><mark style=\"background-color:rgba(0, 0, 0, 0)\" class=\"has-inline-color has-blue-color\">UCIE4VRAIN: Creaci\u00f3n de la UCIE de VRAIN<\/mark><\/strong>\n<ul class=\"wp-block-list\">\n<li>Ref: &nbsp;INNVA2\/2022\/2 (Agencia Valenciana de la Innovaci\u00f3n)<\/li>\n\n\n\n<li>Duraci\u00f3n: 2022-2024<\/li>\n\n\n\n<li>Financiaci\u00f3n: 499.887 K \u20ac<\/li>\n\n\n\n<li>IP: Vicente Botti<\/li>\n<\/ul>\n<\/li>\n<\/ul>\n\n\n\n<ul class=\"wp-block-list\">\n<li><strong><mark style=\"background-color:rgba(0, 0, 0, 0)\" class=\"has-inline-color has-blue-color\">CLUSTERIA: Cluster de computaci\u00f3n de altas prestaciones por inteligencia artificial confiable<\/mark><\/strong>\n<ul class=\"wp-block-list\">\n<li>Ref: IDIFEDER\/2021\/059 <\/li>\n\n\n\n<li>Duraci\u00f3n: 2021-2023<\/li>\n\n\n\n<li>Financiaci\u00f3n: 343.5 K \u20ac<\/li>\n\n\n\n<li>IP: Vicente Botti<\/li>\n<\/ul>\n<\/li>\n<\/ul>\n\n\n\n<ul class=\"wp-block-list\">\n<li><a href=\"https:\/\/cordis.europa.eu\/project\/id\/952215\" target=\"_blank\" rel=\"noreferrer noopener\"><strong><span class=\"has-inline-color has-blue-color\">Foundations of Trustworthy AI \u2013 Integrating Reasoning, Learning and Optimization (TAILOR)<\/span><\/strong><\/a>\n<ul class=\"wp-block-list\">\n<li>Ref: TAILOR (EC H2020)<\/li>\n\n\n\n<li>Duraci\u00f3n: 2020-2023<\/li>\n\n\n\n<li>Financiaci\u00f3n: 12 M \u20ac<\/li>\n\n\n\n<li>IP (Spain, UPV): Vicente Botti<\/li>\n<\/ul>\n<\/li>\n<\/ul>\n\n\n\n<ul class=\"wp-block-list\">\n<li><strong><span class=\"has-inline-color has-blue-color\">Dinamizaci\u00f3n de la Red Tem\u00e1tica Espa\u00f1ola en Computaci\u00f3n Biomolecular y Biocelular<\/span><\/strong>\n<ul class=\"wp-block-list\">\n<li>Ref: TIN2015-71562-REDT (Ministerio de Econom\u00eda y Empresa)<\/li>\n\n\n\n<li>Duraci\u00f3n: 2015-2018<\/li>\n\n\n\n<li>Financiaci\u00f3n: 30 K \u20ac<\/li>\n\n\n\n<li>IP: Jos\u00e9 M. Sempere<\/li>\n<\/ul>\n<\/li>\n<\/ul>\n\n\n\n<ul class=\"wp-block-list\">\n<li><strong><span class=\"has-inline-color has-blue-color\">Innovaci\u00f3n en Modelos Computacionales Predictivos en Epidemiolog\u00eda Experimental de la Resistencia a Antibi\u00f3ticos<\/span><\/strong>\n<ul class=\"wp-block-list\">\n<li>Ref: SAF2013-49788-EXP (Ministerio de Econom\u00eda y Competitividad)<\/li>\n\n\n\n<li>Duraci\u00f3n: 2014-2017<\/li>\n\n\n\n<li>Financiaci\u00f3n: 84.7 K \u20ac<\/li>\n\n\n\n<li>IP: Andr\u00e9s Moya<\/li>\n<\/ul>\n<\/li>\n<\/ul>\n\n\n\n<ul class=\"wp-block-list\">\n<li><strong><span class=\"has-inline-color has-blue-color\">Redes de Procesadores Bio-Inspirados: Resultados te\u00f3ricos, implementaci\u00f3n hardware\/bioware, desarrollo software y soluci\u00f3n para aplicaciones<\/span><\/strong>\n<ul class=\"wp-block-list\">\n<li>Ref: TIN2011-28260-C03-01 (Ministerio de Econom\u00eda y Empresa)<\/li>\n\n\n\n<li>Duraci\u00f3n: 2012-2012<\/li>\n\n\n\n<li>Financiaci\u00f3n: 30 K \u20ac<\/li>\n\n\n\n<li>IP: Jos\u00e9 M. Sempere<\/li>\n<\/ul>\n<\/li>\n<\/ul>\n\n\n\n<ul class=\"wp-block-list\">\n<li><strong><span class=\"has-inline-color has-blue-color\">Creaci\u00f3n de una Red Tem\u00e1tica en Computaci\u00f3n Biomolecular y Biocelular<\/span><\/strong>\n<ul class=\"wp-block-list\">\n<li>Ref: TIN2008-04487-E\/TIN (Ministerio de Educaci\u00f3n y Ciencia)<\/li>\n\n\n\n<li>Duraci\u00f3n: 2008-2011<\/li>\n\n\n\n<li>Financiaci\u00f3n: 33.6 K \u20ac<\/li>\n\n\n\n<li>IP: Mario P\u00e9rez-Jim\u00e9nez<\/li>\n<\/ul>\n<\/li>\n<\/ul>\n\n\n\n<ul class=\"wp-block-list\">\n<li><strong><span class=\"has-inline-color has-blue-color\">T\u00e9cnicas de Inferencia Gramatical y aplicaci\u00f3n al procesamiento de biosecuencias<\/span><\/strong>\n<ul class=\"wp-block-list\">\n<li>Ref: TIN2007-60769 (Ministerio de Educaci\u00f3n)<\/li>\n\n\n\n<li>Duraci\u00f3n: 2007-2010<\/li>\n\n\n\n<li>Financiaci\u00f3n: 90.75 K \u20ac<\/li>\n\n\n\n<li>IP: Pedro Garc\u00eda<\/li>\n<\/ul>\n<\/li>\n<\/ul>\n\n\n\n<ul class=\"wp-block-list\">\n<li><strong><span class=\"has-inline-color has-blue-color\">Exploraciones en aut\u00f3matas finitos biomoleculares<\/span><\/strong>\n<ul class=\"wp-block-list\">\n<li>Ref: TIC2003-09319-C03-02 (Ministerio de Ciencia y Tecnolog\u00eda)<\/li>\n\n\n\n<li>Duraci\u00f3n: 2003-2006<\/li>\n\n\n\n<li>Financiaci\u00f3n: 71,76 K \u20ac<\/li>\n\n\n\n<li>IP: Jos\u00e9 M. Sempere<\/li>\n<\/ul>\n<\/li>\n<\/ul>\n\n\n\n<ul class=\"wp-block-list\">\n<li><strong><span class=\"has-inline-color has-blue-color\">Dise\u00f1o de sistemas de reconocimiento de escritura continua manuscrita y de clasificaci\u00f3n de documentos<\/span><\/strong>\n<ul class=\"wp-block-list\">\n<li>Ref: TIC2000-1153 (Ministerio de Ciencia y Tecnolog\u00eda)<\/li>\n\n\n\n<li>Duraci\u00f3n: 2000-2003<\/li>\n\n\n\n<li>Financiaci\u00f3n: 25.2 K \u20ac<\/li>\n\n\n\n<li>IP: M. Jos\u00e9 Castro<\/li>\n<\/ul>\n<\/li>\n<\/ul>\n","protected":false},"excerpt":{"rendered":"","protected":false},"author":1,"featured_media":0,"parent":0,"menu_order":0,"comment_status":"closed","ping_status":"closed","template":"","meta":{"footnotes":""},"class_list":["post-514","page","type-page","status-publish","hentry"],"_links":{"self":[{"href":"https:\/\/jsempere.webs.upv.es\/index.php\/wp-json\/wp\/v2\/pages\/514","targetHints":{"allow":["GET"]}}],"collection":[{"href":"https:\/\/jsempere.webs.upv.es\/index.php\/wp-json\/wp\/v2\/pages"}],"about":[{"href":"https:\/\/jsempere.webs.upv.es\/index.php\/wp-json\/wp\/v2\/types\/page"}],"author":[{"embeddable":true,"href":"https:\/\/jsempere.webs.upv.es\/index.php\/wp-json\/wp\/v2\/users\/1"}],"replies":[{"embeddable":true,"href":"https:\/\/jsempere.webs.upv.es\/index.php\/wp-json\/wp\/v2\/comments?post=514"}],"version-history":[{"count":16,"href":"https:\/\/jsempere.webs.upv.es\/index.php\/wp-json\/wp\/v2\/pages\/514\/revisions"}],"predecessor-version":[{"id":974,"href":"https:\/\/jsempere.webs.upv.es\/index.php\/wp-json\/wp\/v2\/pages\/514\/revisions\/974"}],"wp:attachment":[{"href":"https:\/\/jsempere.webs.upv.es\/index.php\/wp-json\/wp\/v2\/media?parent=514"}],"curies":[{"name":"wp","href":"https:\/\/api.w.org\/{rel}","templated":true}]}}