{"id":85,"date":"2021-03-04T10:17:00","date_gmt":"2021-03-04T10:17:00","guid":{"rendered":"https:\/\/jsempere.webs.upv.es\/?page_id=85"},"modified":"2021-03-04T10:35:53","modified_gmt":"2021-03-04T10:35:53","slug":"contact","status":"publish","type":"page","link":"https:\/\/jsempere.webs.upv.es\/index.php\/contact\/","title":{"rendered":"Contact"},"content":{"rendered":"\n<p>You can contact me at my email address <strong><a rel=\"noreferrer noopener\" href=\"mailto:jsempere@dsic.upv.es\" target=\"_blank\">jsempere@dsic.upv.es<\/a><\/strong><\/p>\n\n\n\n<p>My <strong>postal address <\/strong>is the following<\/p>\n\n\n\n<p>Jos\u00e9 M. Sempere<br>Departamento de Sistemas Inform\u00e1ticos y Computaci\u00f3n<br>Universidad Polit\u00e9cnica de Valencia<br>Camino de Vera s\/n<br>46022 Valencia (Spain)<\/p>\n\n\n\n<p>My <strong>office room<\/strong> is at  the DSIC Building Room 3D16<\/p>\n\n\n\n<p class=\"has-text-align-center\"><strong><a href=\"http:\/\/www.upv.es\/plano\/plano-2d-es.html\" target=\"_blank\" rel=\"noreferrer noopener\">Campus Interactive Map (DSIC Building 1F)<\/a><\/strong><\/p>\n","protected":false},"excerpt":{"rendered":"<p>You can contact me at my email address jsempere@dsic.upv.es My postal address is the following Jos\u00e9 M. SempereDepartamento de Sistemas Inform\u00e1ticos y Computaci\u00f3nUniversidad Polit\u00e9cnica de ValenciaCamino de Vera s\/n46022 Valencia (Spain) My office room is at the DSIC Building Room &hellip; <a href=\"https:\/\/jsempere.webs.upv.es\/index.php\/contact\/\">Continue reading <span class=\"meta-nav\">&rarr;<\/span><\/a><\/p>\n","protected":false},"author":1,"featured_media":0,"parent":0,"menu_order":0,"comment_status":"closed","ping_status":"closed","template":"","meta":{"footnotes":""},"class_list":["post-85","page","type-page","status-publish","hentry"],"_links":{"self":[{"href":"https:\/\/jsempere.webs.upv.es\/index.php\/wp-json\/wp\/v2\/pages\/85","targetHints":{"allow":["GET"]}}],"collection":[{"href":"https:\/\/jsempere.webs.upv.es\/index.php\/wp-json\/wp\/v2\/pages"}],"about":[{"href":"https:\/\/jsempere.webs.upv.es\/index.php\/wp-json\/wp\/v2\/types\/page"}],"author":[{"embeddable":true,"href":"https:\/\/jsempere.webs.upv.es\/index.php\/wp-json\/wp\/v2\/users\/1"}],"replies":[{"embeddable":true,"href":"https:\/\/jsempere.webs.upv.es\/index.php\/wp-json\/wp\/v2\/comments?post=85"}],"version-history":[{"count":4,"href":"https:\/\/jsempere.webs.upv.es\/index.php\/wp-json\/wp\/v2\/pages\/85\/revisions"}],"predecessor-version":[{"id":94,"href":"https:\/\/jsempere.webs.upv.es\/index.php\/wp-json\/wp\/v2\/pages\/85\/revisions\/94"}],"wp:attachment":[{"href":"https:\/\/jsempere.webs.upv.es\/index.php\/wp-json\/wp\/v2\/media?parent=85"}],"curies":[{"name":"wp","href":"https:\/\/api.w.org\/{rel}","templated":true}]}}